{"id":5339,"date":"2021-12-04T12:33:17","date_gmt":"2021-12-04T12:33:17","guid":{"rendered":"https:\/\/win.postasantacroce.it\/psc\/lhistoire\/"},"modified":"2022-01-07T15:19:47","modified_gmt":"2022-01-07T15:19:47","slug":"lhistoire","status":"publish","type":"page","link":"https:\/\/www.postasantacroce.it\/psc\/lhistoire\/?lang=fr","title":{"rendered":"L&#8217;histoire"},"content":{"rendered":"\t\t<div data-elementor-type=\"wp-page\" data-elementor-id=\"5339\" class=\"elementor elementor-5339 elementor-26\" data-elementor-settings=\"[]\">\n\t\t\t\t\t\t\t<div class=\"elementor-section-wrap\">\n\t\t\t\t\t\t\t<section class=\"elementor-section elementor-top-section elementor-element elementor-element-2d4fa64a elementor-section-full_width elementor-section-items-stretch elementor-section-height-min-height elementor-section-height-default\" data-id=\"2d4fa64a\" data-element_type=\"section\">\n\t\t\t\t\t\t<div class=\"elementor-container elementor-column-gap-no\">\n\t\t\t\t\t<div class=\"elementor-column elementor-col-50 elementor-top-column elementor-element elementor-element-4ece3722\" data-id=\"4ece3722\" data-element_type=\"column\">\n\t\t\t<div class=\"elementor-widget-wrap elementor-element-populated\">\n\t\t\t\t\t\t\t\t<div class=\"elementor-element elementor-element-6feb013a elementor-widget elementor-widget-text-editor\" data-id=\"6feb013a\" data-element_type=\"widget\" data-widget_type=\"text-editor.default\">\n\t\t\t\t<div class=\"elementor-widget-container\">\n\t\t\t\t\t\t\t<h2><strong>L&#8217;histoire<\/strong><\/h2>\n<p><strong>La Douane Royale des troupeaux des Pouilles (1447 \u2013 1806) \u00e9tait une institution administrative, fiscale, judiciaire et commerciale du royaume de Naples cr\u00e9\u00e9e pour contr\u00f4ler le flux des bergers qui descendaient des Abruzzes dans les Pouilles lors de la transhumance.<\/strong><\/p>\n<p><strong>Les Douanes collectaient un tribut proportionnel au nombre de t\u00eates de b\u00e9tail conduites par le berger, en \u00e9change de laisser \u00e0 disposition un espace suffisant de p\u00e2turages pour faire pa\u00eetre leurs troupeaux, ainsi que de chemins s\u00fbrs et d\u2019une certaines quantit\u00e9s de sel. Aux propri\u00e9taires des animaux et autres employ\u00e9s, la Douane garantissait une protection arm\u00e9e le long du chemin de transhumance. Elle garantissait \u00e9galement une distribution du pain \u00e0 prix fixe sur tout le plateau des Pouilles. La Douane exer\u00e7ait \u00e9galement un r\u00f4le judiciaire.<\/strong><\/p>\n\t\t\t\t\t\t<\/div>\n\t\t\t\t<\/div>\n\t\t\t\t\t<\/div>\n\t\t<\/div>\n\t\t\t\t<div class=\"elementor-column elementor-col-50 elementor-top-column elementor-element elementor-element-6fb70da6\" data-id=\"6fb70da6\" data-element_type=\"column\">\n\t\t\t<div class=\"elementor-widget-wrap elementor-element-populated\">\n\t\t\t\t\t\t\t\t<div class=\"elementor-element elementor-element-491d0602 elementor--h-position-center elementor--v-position-middle elementor-arrows-position-inside elementor-widget elementor-widget-slides\" data-id=\"491d0602\" data-element_type=\"widget\" data-settings=\"{&quot;transition&quot;:&quot;fade&quot;,&quot;transition_speed&quot;:2000,&quot;navigation&quot;:&quot;arrows&quot;,&quot;autoplay&quot;:&quot;yes&quot;,&quot;pause_on_hover&quot;:&quot;yes&quot;,&quot;pause_on_interaction&quot;:&quot;yes&quot;,&quot;autoplay_speed&quot;:5000,&quot;infinite&quot;:&quot;yes&quot;}\" data-widget_type=\"slides.default\">\n\t\t\t\t<div class=\"elementor-widget-container\">\n\t\t\t\t\t<div class=\"elementor-swiper\">\n\t\t\t<div class=\"elementor-slides-wrapper elementor-main-swiper swiper-container\" dir=\"ltr\" data-animation=\"\">\n\t\t\t\t<div class=\"swiper-wrapper elementor-slides\">\n\t\t\t\t\t\t\t\t\t\t<div class=\"elementor-repeater-item-843c2ff swiper-slide\"><div class=\"swiper-slide-bg\"><\/div><div class=\"elementor-background-overlay\"><\/div><div class=\"swiper-slide-inner\" ><div class=\"swiper-slide-contents\"><\/div><\/div><\/div><div class=\"elementor-repeater-item-268b673 swiper-slide\"><div class=\"swiper-slide-bg\"><\/div><div class=\"elementor-background-overlay\"><\/div><div class=\"swiper-slide-inner\" ><div class=\"swiper-slide-contents\"><\/div><\/div><\/div><div class=\"elementor-repeater-item-824c694 swiper-slide\"><div class=\"swiper-slide-bg\"><\/div><div class=\"elementor-background-overlay\"><\/div><div class=\"swiper-slide-inner\" ><div class=\"swiper-slide-contents\"><\/div><\/div><\/div><div class=\"elementor-repeater-item-4812758 swiper-slide\"><div class=\"swiper-slide-bg\"><\/div><div class=\"elementor-background-overlay\"><\/div><div class=\"swiper-slide-inner\" ><div class=\"swiper-slide-contents\"><\/div><\/div><\/div>\t\t\t\t<\/div>\n\t\t\t\t\t\t\t\t\t\t\t\t\t\t\t\t\t\t\t\t<div class=\"elementor-swiper-button elementor-swiper-button-prev\">\n\t\t\t\t\t\t\t<i aria-hidden=\"true\" class=\"eicon-chevron-left\"><\/i>\t\t\t\t\t\t\t<span class=\"elementor-screen-only\">Precedente<\/span>\n\t\t\t\t\t\t<\/div>\n\t\t\t\t\t\t<div class=\"elementor-swiper-button elementor-swiper-button-next\">\n\t\t\t\t\t\t\t<i aria-hidden=\"true\" class=\"eicon-chevron-right\"><\/i>\t\t\t\t\t\t\t<span class=\"elementor-screen-only\">Successivo<\/span>\n\t\t\t\t\t\t<\/div>\n\t\t\t\t\t\t\t\t\t\t\t\t<\/div>\n\t\t<\/div>\n\t\t\t\t<\/div>\n\t\t\t\t<\/div>\n\t\t\t\t\t<\/div>\n\t\t<\/div>\n\t\t\t\t\t\t\t<\/div>\n\t\t<\/section>\n\t\t\t\t<section class=\"elementor-section elementor-top-section elementor-element elementor-element-2b961a9 elementor-section-full_width elementor-section-items-stretch elementor-section-height-min-height elementor-reverse-mobile elementor-section-height-default\" data-id=\"2b961a9\" data-element_type=\"section\">\n\t\t\t\t\t\t<div class=\"elementor-container elementor-column-gap-no\">\n\t\t\t\t\t<div class=\"elementor-column elementor-col-50 elementor-top-column elementor-element elementor-element-3b9fd06\" data-id=\"3b9fd06\" data-element_type=\"column\">\n\t\t\t<div class=\"elementor-widget-wrap elementor-element-populated\">\n\t\t\t\t\t\t\t\t<div class=\"elementor-element elementor-element-b9b8d22 elementor--h-position-center elementor--v-position-middle elementor-arrows-position-inside elementor-widget elementor-widget-slides\" data-id=\"b9b8d22\" data-element_type=\"widget\" data-settings=\"{&quot;transition&quot;:&quot;fade&quot;,&quot;transition_speed&quot;:2000,&quot;navigation&quot;:&quot;arrows&quot;,&quot;autoplay&quot;:&quot;yes&quot;,&quot;pause_on_hover&quot;:&quot;yes&quot;,&quot;pause_on_interaction&quot;:&quot;yes&quot;,&quot;autoplay_speed&quot;:5000,&quot;infinite&quot;:&quot;yes&quot;}\" data-widget_type=\"slides.default\">\n\t\t\t\t<div class=\"elementor-widget-container\">\n\t\t\t\t\t<div class=\"elementor-swiper\">\n\t\t\t<div class=\"elementor-slides-wrapper elementor-main-swiper swiper-container\" dir=\"ltr\" data-animation=\"\">\n\t\t\t\t<div class=\"swiper-wrapper elementor-slides\">\n\t\t\t\t\t\t\t\t\t\t<div class=\"elementor-repeater-item-843c2ff swiper-slide\"><div class=\"swiper-slide-bg\"><\/div><div class=\"elementor-background-overlay\"><\/div><div class=\"swiper-slide-inner\" ><div class=\"swiper-slide-contents\"><\/div><\/div><\/div><div class=\"elementor-repeater-item-268b673 swiper-slide\"><div class=\"swiper-slide-bg\"><\/div><div class=\"elementor-background-overlay\"><\/div><div class=\"swiper-slide-inner\" ><div class=\"swiper-slide-contents\"><\/div><\/div><\/div><div class=\"elementor-repeater-item-824c694 swiper-slide\"><div class=\"swiper-slide-bg\"><\/div><div class=\"elementor-background-overlay\"><\/div><div class=\"swiper-slide-inner\" ><div class=\"swiper-slide-contents\"><\/div><\/div><\/div>\t\t\t\t<\/div>\n\t\t\t\t\t\t\t\t\t\t\t\t\t\t\t\t\t\t\t\t<div class=\"elementor-swiper-button elementor-swiper-button-prev\">\n\t\t\t\t\t\t\t<i aria-hidden=\"true\" class=\"eicon-chevron-left\"><\/i>\t\t\t\t\t\t\t<span class=\"elementor-screen-only\">Precedente<\/span>\n\t\t\t\t\t\t<\/div>\n\t\t\t\t\t\t<div class=\"elementor-swiper-button elementor-swiper-button-next\">\n\t\t\t\t\t\t\t<i aria-hidden=\"true\" class=\"eicon-chevron-right\"><\/i>\t\t\t\t\t\t\t<span class=\"elementor-screen-only\">Successivo<\/span>\n\t\t\t\t\t\t<\/div>\n\t\t\t\t\t\t\t\t\t\t\t\t<\/div>\n\t\t<\/div>\n\t\t\t\t<\/div>\n\t\t\t\t<\/div>\n\t\t\t\t\t<\/div>\n\t\t<\/div>\n\t\t\t\t<div class=\"elementor-column elementor-col-50 elementor-top-column elementor-element elementor-element-5ba6d32\" data-id=\"5ba6d32\" data-element_type=\"column\">\n\t\t\t<div class=\"elementor-widget-wrap elementor-element-populated\">\n\t\t\t\t\t\t\t\t<div class=\"elementor-element elementor-element-f0c2bbc elementor-widget elementor-widget-text-editor\" data-id=\"f0c2bbc\" data-element_type=\"widget\" data-widget_type=\"text-editor.default\">\n\t\t\t\t<div class=\"elementor-widget-container\">\n\t\t\t\t\t\t\t<p><strong>Le plateau des Pouilles, territoire des bergers, avait des liens \u00e9troits, au cours de l\u2019histoire, \u00e0 d\u2019autres r\u00e9gions telles que la Daunia, et \u00e9galement une grande partie de la \u201cTerra di Bari\u201d et \u201cTerra di Otranto\u201d. Il \u00e9tait divis\u00e9 en plusieurs \u201clocazioni\u201d (territoires) parsem\u00e9s de nombreuses postes.<\/strong><\/p>\n<p><strong>Dans une de ces \u201clocazioni\u201d, la \u201cLocatione di Andria\u201d, se trouvait la \u201cPosta Santa Croce\u201d, comme indiqu\u00e9 sur une carte de 1686 conserv\u00e9e aux archives d\u2019\u00e9tat de Foggia.<\/strong><\/p>\n<p><strong>Une chapelle rurale adjacente \u00e0 la poste fut \u00e9difi\u00e9e entre la fin du 18\u00e8me et le d\u00e9but du 19\u00e8me si\u00e8cle. Les travaux s\u2019achev\u00e8rent en 1811 et la chapelle fut d\u00e9di\u00e9e \u00e0 la Santa Croce et \u00e0 Beato Pietro d\u2019Alcantara.<\/strong><\/p>\n<p><strong>En 1856, il fut am\u00e9nag\u00e9e au premier \u00e9tage une petite demeure patronale, embellie de fresques de peintres locaux, Santoro p\u00e8re et fils. Elle perdit sa fonction de poste et fut reconvertie en \u201cmasseria\u201d (grande ferme), et une des \u00e9tables fut d\u00e9di\u00e9e au moulin \u00e0 huile d\u2019olive, encore visible \u00e0 l\u2019ext\u00e9rieur de l\u2019\u00e9difice.<\/strong><\/p>\n<p><strong>En 1952, de fortes pluies caus\u00e8rent l\u2019effondrement de la citerne d\u2019o\u00f9 arrivaient par voie souterraines l\u2019ensemble des eaux de pluies des terrasses. Elle a \u00e9t\u00e9 r\u00e9cemment reconstruite et a retrouv\u00e9 sa fonction d\u2019origine.<\/strong><\/p>\n<p><strong>Les b\u00e2timents et les terrains alentours appartiennent toujours \u00e0 la famille Consiglio depuis la fin du 18\u00e8me si\u00e8cle.<\/strong><\/p>\n<p><strong>Sur quelques photographies dat\u00e9es de 1913, prises devant la Posta Santa Croce, on peut apercevoir Armando Perotti, l\u2019un des historiens et po\u00e8tes de Bari les plus attentifs \u00e0 la sauvegarde de la m\u00e9moire historique des Pouilles. Il est plaisant d\u2019imaginer que l\u2019auteur s\u2019est inspir\u00e9 de cet environnement dans quelques unes de ses po\u00e9sies, surtout celles d\u00e9di\u00e9es aux mois de l\u2019ann\u00e9e. C\u2019est pour cela que nous conservons ses \u0153uvres, \u00e0 dispositions de nos h\u00f4tes.<\/strong><\/p>\t\t\t\t\t\t<\/div>\n\t\t\t\t<\/div>\n\t\t\t\t\t<\/div>\n\t\t<\/div>\n\t\t\t\t\t\t\t<\/div>\n\t\t<\/section>\n\t\t\t\t\t\t<\/div>\n\t\t\t\t\t<\/div>\n\t\t","protected":false},"excerpt":{"rendered":"<p>L&#8217;histoire La Douane Royale des troupeaux des Pouilles (1447 \u2013 1806) \u00e9tait une &hellip;<\/p>\n<p class=\"read-more\"> <a class=\"ast-button\" href=\"https:\/\/www.postasantacroce.it\/psc\/lhistoire\/?lang=fr\"> <span class=\"screen-reader-text\">L&#8217;histoire<\/span> Leggi tutto \u00bb<\/a><\/p>\n","protected":false},"author":1,"featured_media":0,"parent":0,"menu_order":0,"comment_status":"closed","ping_status":"closed","template":"","meta":{"site-sidebar-layout":"no-sidebar","site-content-layout":"page-builder","ast-main-header-display":"","ast-hfb-above-header-display":"","ast-hfb-below-header-display":"","ast-hfb-mobile-header-display":"","site-post-title":"disabled","ast-breadcrumbs-content":"","ast-featured-img":"disabled","footer-sml-layout":"","theme-transparent-header-meta":"default","adv-header-id-meta":"","stick-header-meta":"","header-above-stick-meta":"","header-main-stick-meta":"","header-below-stick-meta":""},"_links":{"self":[{"href":"https:\/\/www.postasantacroce.it\/psc\/wp-json\/wp\/v2\/pages\/5339"}],"collection":[{"href":"https:\/\/www.postasantacroce.it\/psc\/wp-json\/wp\/v2\/pages"}],"about":[{"href":"https:\/\/www.postasantacroce.it\/psc\/wp-json\/wp\/v2\/types\/page"}],"author":[{"embeddable":true,"href":"https:\/\/www.postasantacroce.it\/psc\/wp-json\/wp\/v2\/users\/1"}],"replies":[{"embeddable":true,"href":"https:\/\/www.postasantacroce.it\/psc\/wp-json\/wp\/v2\/comments?post=5339"}],"version-history":[{"count":9,"href":"https:\/\/www.postasantacroce.it\/psc\/wp-json\/wp\/v2\/pages\/5339\/revisions"}],"predecessor-version":[{"id":6058,"href":"https:\/\/www.postasantacroce.it\/psc\/wp-json\/wp\/v2\/pages\/5339\/revisions\/6058"}],"wp:attachment":[{"href":"https:\/\/www.postasantacroce.it\/psc\/wp-json\/wp\/v2\/media?parent=5339"}],"curies":[{"name":"wp","href":"https:\/\/api.w.org\/{rel}","templated":true}]}}