{"id":5303,"date":"2021-11-26T18:29:29","date_gmt":"2021-11-26T18:29:29","guid":{"rendered":"https:\/\/win.postasantacroce.it\/psc\/la-ferme\/"},"modified":"2022-01-08T09:58:19","modified_gmt":"2022-01-08T09:58:19","slug":"la-ferme","status":"publish","type":"page","link":"https:\/\/www.postasantacroce.it\/psc\/la-ferme\/?lang=fr","title":{"rendered":"La ferme"},"content":{"rendered":"\t\t<div data-elementor-type=\"wp-page\" data-elementor-id=\"5303\" class=\"elementor elementor-5303 elementor-22\" data-elementor-settings=\"[]\">\n\t\t\t\t\t\t\t<div class=\"elementor-section-wrap\">\n\t\t\t\t\t\t\t<section class=\"elementor-section elementor-top-section elementor-element elementor-element-ccddcf1 elementor-section-full_width elementor-section-items-stretch elementor-section-height-min-height elementor-section-height-default\" data-id=\"ccddcf1\" data-element_type=\"section\">\n\t\t\t\t\t\t<div class=\"elementor-container elementor-column-gap-no\">\n\t\t\t\t\t<div class=\"elementor-column elementor-col-33 elementor-top-column elementor-element elementor-element-79f9428\" data-id=\"79f9428\" data-element_type=\"column\">\n\t\t\t<div class=\"elementor-widget-wrap elementor-element-populated\">\n\t\t\t\t\t\t\t\t<div class=\"elementor-element elementor-element-0ea7877 elementor-widget elementor-widget-text-editor\" data-id=\"0ea7877\" data-element_type=\"widget\" data-widget_type=\"text-editor.default\">\n\t\t\t\t<div class=\"elementor-widget-container\">\n\t\t\t\t\t\t\t<h2><strong>La ferme<\/strong><\/h2>\n<p><strong>Bienvenue \u00e0 Posta Santa Croce.<\/strong><\/p>\n<p><strong>La ferme, un temps relais de poste, c\u2019est-\u00e0-dire un endroit o\u00f9 trouver hospitalit\u00e9 et o\u00f9 les bergers pouvaient faire pa\u00eetre leurs troupeaux en transhumance, est pr\u00eate \u00e0 vous accueillir pour un s\u00e9jour au contact direct avec la nature.<\/strong><\/p>\n<p><strong>Dans cet endroit riche d&#8217;histoire, trois appartements et une chambre matrimoniale ont \u00e9t\u00e9 restaur\u00e9s pour vous fournir un confort simple et chaleureux, tous \u00e9quip\u00e9s d\u2019une salle de bain et d\u2019un coin cuisine.<\/strong><\/p>\n<p><strong>Dans les salles communes vous pouvez trouver des renseignements pour vos vacances dans la r\u00e9gion des Pouilles et quelques bons livres pour les moments de d\u00e9tente.<\/strong><\/p>\n<p><strong>Nous nous sommes efforc\u00e9s de cr\u00e9er une atmosph\u00e8re tranquille pour se retrouver au c\u0153ur de la nature, sans chercher \u00e0 \u00ab optimiser \u00bb tous les espaces mais en laissant des endroits intacts, tels que l\u2019histoire nous les a transmis.<\/strong><\/p>\n<p><strong>Tout autour, oliviers s\u00e9culaires, cerisiers, \u00e9tendues de figuiers de Barbarie et nombreuses autres vari\u00e9t\u00e9s d\u2019arbres.<\/strong><\/p>\n\t\t\t\t\t\t<\/div>\n\t\t\t\t<\/div>\n\t\t\t\t\t<\/div>\n\t\t<\/div>\n\t\t\t\t<div class=\"elementor-column elementor-col-66 elementor-top-column elementor-element elementor-element-7c2a6a1\" data-id=\"7c2a6a1\" data-element_type=\"column\">\n\t\t\t<div class=\"elementor-widget-wrap elementor-element-populated\">\n\t\t\t\t\t\t\t\t<div class=\"elementor-element elementor-element-0672385 elementor--h-position-center elementor--v-position-middle elementor-arrows-position-inside elementor-pagination-position-inside elementor-widget elementor-widget-slides\" data-id=\"0672385\" data-element_type=\"widget\" data-settings=\"{&quot;transition&quot;:&quot;fade&quot;,&quot;transition_speed&quot;:2000,&quot;navigation&quot;:&quot;both&quot;,&quot;autoplay&quot;:&quot;yes&quot;,&quot;pause_on_hover&quot;:&quot;yes&quot;,&quot;pause_on_interaction&quot;:&quot;yes&quot;,&quot;autoplay_speed&quot;:5000,&quot;infinite&quot;:&quot;yes&quot;}\" data-widget_type=\"slides.default\">\n\t\t\t\t<div class=\"elementor-widget-container\">\n\t\t\t\t\t<div class=\"elementor-swiper\">\n\t\t\t<div class=\"elementor-slides-wrapper elementor-main-swiper swiper-container\" dir=\"ltr\" data-animation=\"\">\n\t\t\t\t<div class=\"swiper-wrapper elementor-slides\">\n\t\t\t\t\t\t\t\t\t\t<div class=\"elementor-repeater-item-843c2ff swiper-slide\"><div class=\"swiper-slide-bg\"><\/div><div class=\"elementor-background-overlay\"><\/div><div class=\"swiper-slide-inner\" ><div class=\"swiper-slide-contents\"><\/div><\/div><\/div><div class=\"elementor-repeater-item-268b673 swiper-slide\"><div class=\"swiper-slide-bg\"><\/div><div class=\"elementor-background-overlay\"><\/div><div class=\"swiper-slide-inner\" ><div class=\"swiper-slide-contents\"><\/div><\/div><\/div><div class=\"elementor-repeater-item-bb29335 swiper-slide\"><div class=\"swiper-slide-bg\"><\/div><div class=\"elementor-background-overlay\"><\/div><div class=\"swiper-slide-inner\" ><div class=\"swiper-slide-contents\"><\/div><\/div><\/div><div class=\"elementor-repeater-item-a952a1e swiper-slide\"><div class=\"swiper-slide-bg\"><\/div><div class=\"elementor-background-overlay\"><\/div><div class=\"swiper-slide-inner\" ><div class=\"swiper-slide-contents\"><\/div><\/div><\/div><div class=\"elementor-repeater-item-824c694 swiper-slide\"><div class=\"swiper-slide-bg\"><\/div><div class=\"elementor-background-overlay\"><\/div><div class=\"swiper-slide-inner\" ><div class=\"swiper-slide-contents\"><\/div><\/div><\/div><div class=\"elementor-repeater-item-5d4fd20 swiper-slide\"><div class=\"swiper-slide-bg\"><\/div><div class=\"elementor-background-overlay\"><\/div><div class=\"swiper-slide-inner\" ><div class=\"swiper-slide-contents\"><\/div><\/div><\/div><div class=\"elementor-repeater-item-4812758 swiper-slide\"><div class=\"swiper-slide-bg\"><\/div><div class=\"elementor-background-overlay\"><\/div><div class=\"swiper-slide-inner\" ><div class=\"swiper-slide-contents\"><\/div><\/div><\/div>\t\t\t\t<\/div>\n\t\t\t\t\t\t\t\t\t\t\t\t\t\t\t<div class=\"swiper-pagination\"><\/div>\n\t\t\t\t\t\t\t\t\t\t\t\t\t\t\t\t<div class=\"elementor-swiper-button elementor-swiper-button-prev\">\n\t\t\t\t\t\t\t<i aria-hidden=\"true\" class=\"eicon-chevron-left\"><\/i>\t\t\t\t\t\t\t<span class=\"elementor-screen-only\">Precedente<\/span>\n\t\t\t\t\t\t<\/div>\n\t\t\t\t\t\t<div class=\"elementor-swiper-button elementor-swiper-button-next\">\n\t\t\t\t\t\t\t<i aria-hidden=\"true\" class=\"eicon-chevron-right\"><\/i>\t\t\t\t\t\t\t<span class=\"elementor-screen-only\">Successivo<\/span>\n\t\t\t\t\t\t<\/div>\n\t\t\t\t\t\t\t\t\t\t\t\t<\/div>\n\t\t<\/div>\n\t\t\t\t<\/div>\n\t\t\t\t<\/div>\n\t\t\t\t\t<\/div>\n\t\t<\/div>\n\t\t\t\t\t\t\t<\/div>\n\t\t<\/section>\n\t\t\t\t\t\t<\/div>\n\t\t\t\t\t<\/div>\n\t\t","protected":false},"excerpt":{"rendered":"<p>La ferme Bienvenue \u00e0 Posta Santa Croce. La ferme, un temps relais de &hellip;<\/p>\n<p class=\"read-more\"> <a class=\"ast-button\" href=\"https:\/\/www.postasantacroce.it\/psc\/la-ferme\/?lang=fr\"> <span class=\"screen-reader-text\">La ferme<\/span> Leggi tutto \u00bb<\/a><\/p>\n","protected":false},"author":1,"featured_media":0,"parent":0,"menu_order":0,"comment_status":"closed","ping_status":"closed","template":"","meta":{"site-sidebar-layout":"no-sidebar","site-content-layout":"page-builder","ast-main-header-display":"","ast-hfb-above-header-display":"","ast-hfb-below-header-display":"","ast-hfb-mobile-header-display":"","site-post-title":"disabled","ast-breadcrumbs-content":"","ast-featured-img":"disabled","footer-sml-layout":"","theme-transparent-header-meta":"default","adv-header-id-meta":"","stick-header-meta":"","header-above-stick-meta":"","header-main-stick-meta":"","header-below-stick-meta":""},"_links":{"self":[{"href":"https:\/\/www.postasantacroce.it\/psc\/wp-json\/wp\/v2\/pages\/5303"}],"collection":[{"href":"https:\/\/www.postasantacroce.it\/psc\/wp-json\/wp\/v2\/pages"}],"about":[{"href":"https:\/\/www.postasantacroce.it\/psc\/wp-json\/wp\/v2\/types\/page"}],"author":[{"embeddable":true,"href":"https:\/\/www.postasantacroce.it\/psc\/wp-json\/wp\/v2\/users\/1"}],"replies":[{"embeddable":true,"href":"https:\/\/www.postasantacroce.it\/psc\/wp-json\/wp\/v2\/comments?post=5303"}],"version-history":[{"count":3,"href":"https:\/\/www.postasantacroce.it\/psc\/wp-json\/wp\/v2\/pages\/5303\/revisions"}],"predecessor-version":[{"id":5440,"href":"https:\/\/www.postasantacroce.it\/psc\/wp-json\/wp\/v2\/pages\/5303\/revisions\/5440"}],"wp:attachment":[{"href":"https:\/\/www.postasantacroce.it\/psc\/wp-json\/wp\/v2\/media?parent=5303"}],"curies":[{"name":"wp","href":"https:\/\/api.w.org\/{rel}","templated":true}]}}