{"id":5268,"date":"2021-11-26T18:04:26","date_gmt":"2021-11-26T18:04:26","guid":{"rendered":"https:\/\/win.postasantacroce.it\/psc\/nous-sommes-ici\/"},"modified":"2021-11-26T18:04:33","modified_gmt":"2021-11-26T18:04:33","slug":"nous-sommes-ici","status":"publish","type":"page","link":"https:\/\/www.postasantacroce.it\/psc\/nous-sommes-ici\/?lang=fr","title":{"rendered":"Nous sommes ici"},"content":{"rendered":"\t\t<div data-elementor-type=\"wp-page\" data-elementor-id=\"5268\" class=\"elementor elementor-5268 elementor-20\" data-elementor-settings=\"[]\">\n\t\t\t\t\t\t\t<div class=\"elementor-section-wrap\">\n\t\t\t\t\t\t\t<section class=\"elementor-section elementor-top-section elementor-element elementor-element-6990faa elementor-section-full_width elementor-section-height-default elementor-section-height-default\" data-id=\"6990faa\" data-element_type=\"section\">\n\t\t\t\t\t\t<div class=\"elementor-container elementor-column-gap-no\">\n\t\t\t\t\t<div class=\"elementor-column elementor-col-100 elementor-top-column elementor-element elementor-element-8c793e5\" data-id=\"8c793e5\" data-element_type=\"column\">\n\t\t\t<div class=\"elementor-widget-wrap elementor-element-populated\">\n\t\t\t\t\t\t\t\t<div class=\"elementor-element elementor-element-ab4f4e9 elementor-widget elementor-widget-google_maps\" data-id=\"ab4f4e9\" data-element_type=\"widget\" data-widget_type=\"google_maps.default\">\n\t\t\t\t<div class=\"elementor-widget-container\">\n\t\t\t\t\t<div class=\"elementor-custom-embed\">\n\t\t\t<iframe frameborder=\"0\" scrolling=\"no\" marginheight=\"0\" marginwidth=\"0\"\n\t\t\t\t\tsrc=\"https:\/\/maps.google.com\/maps?q=41.187625%2C%2016.482919&#038;t=m&#038;z=12&#038;output=embed&#038;iwloc=near\"\n\t\t\t\t\ttitle=\"41.187625, 16.482919\"\n\t\t\t\t\taria-label=\"41.187625, 16.482919\"\n\t\t\t><\/iframe>\n\t\t<\/div>\n\t\t\t\t<\/div>\n\t\t\t\t<\/div>\n\t\t\t\t\t<\/div>\n\t\t<\/div>\n\t\t\t\t\t\t\t<\/div>\n\t\t<\/section>\n\t\t\t\t<section class=\"elementor-section elementor-top-section elementor-element elementor-element-b95883e elementor-section-full_width elementor-section-height-default elementor-section-height-default\" data-id=\"b95883e\" data-element_type=\"section\" data-settings=\"{&quot;background_background&quot;:&quot;classic&quot;}\">\n\t\t\t\t\t\t<div class=\"elementor-container elementor-column-gap-no\">\n\t\t\t\t\t<div class=\"elementor-column elementor-col-100 elementor-top-column elementor-element elementor-element-d3c23da\" data-id=\"d3c23da\" data-element_type=\"column\" data-settings=\"{&quot;background_background&quot;:&quot;classic&quot;}\">\n\t\t\t<div class=\"elementor-widget-wrap elementor-element-populated\">\n\t\t\t\t\t\t\t\t<div class=\"elementor-element elementor-element-761917c elementor-widget elementor-widget-text-editor\" data-id=\"761917c\" data-element_type=\"widget\" data-widget_type=\"text-editor.default\">\n\t\t\t\t<div class=\"elementor-widget-container\">\n\t\t\t\t\t\t\t<p style=\"text-align: center;\"><span style=\"color: #ffffff;\"><strong>POSTA SANTA CROCE &#8211; OSPITALITA&#8217; IN MASSERIA<\/strong><\/span><br \/><span style=\"color: #ffffff;\"><strong>76011 BISCEGLIE PUGLIA ITALIA<\/strong><\/span><br \/><span style=\"color: #ffffff;\">Info &amp; r\u00e9servations +39 329 3570006<\/span><br \/><span style=\"color: #ffffff;\"><a style=\"color: #ffffff;\" href=\"mailto:masseria@postasantacroce.it\">masseria@postasantacroce.it<\/a><\/span><br \/><span style=\"color: #ffffff;\">GPS: <a style=\"color: #ffffff;\" href=\"https:\/\/goo.gl\/maps\/9wiTKMsXP25NeMcLA\" target=\"_blank\" rel=\"noopener\">41.187625, 16.482919<\/a><\/span><\/p>\n\t\t\t\t\t\t<\/div>\n\t\t\t\t<\/div>\n\t\t\t\t\t<\/div>\n\t\t<\/div>\n\t\t\t\t\t\t\t<\/div>\n\t\t<\/section>\n\t\t\t\t<section class=\"elementor-section elementor-top-section elementor-element elementor-element-9ccb29e elementor-section-boxed elementor-section-height-default elementor-section-height-default\" data-id=\"9ccb29e\" data-element_type=\"section\">\n\t\t\t\t\t\t<div class=\"elementor-container elementor-column-gap-default\">\n\t\t\t\t\t<div class=\"elementor-column elementor-col-100 elementor-top-column elementor-element elementor-element-b9198d2\" data-id=\"b9198d2\" data-element_type=\"column\">\n\t\t\t<div class=\"elementor-widget-wrap elementor-element-populated\">\n\t\t\t\t\t\t\t\t<div class=\"elementor-element elementor-element-f9654bb elementor-widget elementor-widget-text-editor\" data-id=\"f9654bb\" data-element_type=\"widget\" data-widget_type=\"text-editor.default\">\n\t\t\t\t<div class=\"elementor-widget-container\">\n\t\t\t\t\t\t\t<h4> <\/h4>\n<h4><span style=\"color: #473f35;\"><strong>COMMENT NOUS JOINDRE<\/strong><\/span><\/h4>\n<h4><span style=\"color: #473f35;\">EN VOITURE<\/span><\/h4>\n<p><span style=\"color: #473f35;\">Une fois que vous avez quitt\u00e9 l&#8217;autoroute (\u00e0 Trani pour ceux qui viennent du nord, \u00e0 Molfetta pour ceux qui viennent du sud) rejoindre et prendre l&#8217;autoroute SS 16 en direction de Bisceglie (vers Bari pour ceux venant du nord, vers Foggia pour ceux venant de la Sud); prendre la sortie &#8220;Bisceglie Centro&#8221; et se diriger vers Corato (SP 85); apr\u00e8s 4 km il y a le viaduc sur l&#8217;autoroute : apr\u00e8s le viaduc, apr\u00e8s environ 150 m\u00e8tres sur la gauche, entre l&#8217;avant-dernier et le dernier lampadaire il y a une petite route asphalt\u00e9e (il y a un petit panneau en bois avec l&#8217;inscription &#8220;Posta Santa Croce&#8221;). Prenez la route et apr\u00e8s environ 800 m\u00e8tres nous y sommes.<\/span><\/p>\n<h4><span style=\"color: #473f35;\">SUR LE TRAIN<\/span><\/h4>\n<p>La gare la plus proche est Bisceglie \u00e0 environ 7 km de Posta Santa Croce, \u00e0 environ 10 minutes en voiture. Pour information: <a href=\"https:\/\/www.trenitalia.com\/\" target=\"_blank\" rel=\"noopener\">trenitalia.com<\/a><\/p>\n<h4><span style=\"color: #473f35;\">EN AVION<\/span><\/h4>\n<p>L&#8217;a\u00e9roport le plus proche est l&#8217;a\u00e9roport international de Bari-Karol Wojtyla, \u00e0 environ 33 km de Posta Santa Croce, \u00e0 environ 25 minutes en voiture. Pour information: <a href=\"https:\/\/www.aeroportidipuglia.it\/\" target=\"_blank\" rel=\"noopener\">aeroportidipuglia.it<\/a><\/p>\n<h4><span style=\"color: #473f35;\">CONTACTS<\/span><\/h4>\n<p><span style=\"color: #473f35;\">Pour plus d&#8217;informations s&#8217;il vous pla\u00eet \u00e9crivez \u00e0 l&#8217;email suivant <a style=\"color: #473f35;\" href=\"mailto:masseria@postasantacroce.it\">masseria@postasantacroce.it<\/a> ou<\/span><span style=\"color: #473f35;\">contacter +39 329 3570006.<\/span><\/p>\n<p><span style=\"color: #473f35;\">Alternativement, vous pouvez remplir le formulaire suivant et notre personnel vous contactera dans les plus brefs d\u00e9lais.<\/span><\/p>\n\t\t\t\t\t\t<\/div>\n\t\t\t\t<\/div>\n\t\t\t\t\t<\/div>\n\t\t<\/div>\n\t\t\t\t\t\t\t<\/div>\n\t\t<\/section>\n\t\t\t\t<section class=\"elementor-section elementor-top-section elementor-element elementor-element-ad042b7 elementor-section-boxed elementor-section-height-default elementor-section-height-default\" data-id=\"ad042b7\" data-element_type=\"section\" data-settings=\"{&quot;background_background&quot;:&quot;classic&quot;}\">\n\t\t\t\t\t\t<div class=\"elementor-container elementor-column-gap-default\">\n\t\t\t\t\t<div class=\"elementor-column elementor-col-100 elementor-top-column elementor-element elementor-element-1594419\" data-id=\"1594419\" data-element_type=\"column\" data-settings=\"{&quot;background_background&quot;:&quot;classic&quot;}\">\n\t\t\t<div class=\"elementor-widget-wrap elementor-element-populated\">\n\t\t\t\t\t\t\t\t<div class=\"elementor-element elementor-element-cf84eee elementor-widget elementor-widget-text-editor\" data-id=\"cf84eee\" data-element_type=\"widget\" data-widget_type=\"text-editor.default\">\n\t\t\t\t<div class=\"elementor-widget-container\">\n\t\t\t\t\t\t\t<p><div role=\"form\" class=\"wpcf7\" id=\"wpcf7-f1811-o1\" lang=\"it-IT\" dir=\"ltr\">\n<div class=\"screen-reader-response\"><p role=\"status\" aria-live=\"polite\" aria-atomic=\"true\"><\/p> <ul><\/ul><\/div>\n<form action=\"\/psc\/wp-json\/wp\/v2\/pages\/5268#wpcf7-f1811-o1\" method=\"post\" class=\"wpcf7-form init\" novalidate=\"novalidate\" data-status=\"init\">\n<div style=\"display: none;\">\n<input type=\"hidden\" name=\"_wpcf7\" value=\"1811\" \/>\n<input type=\"hidden\" name=\"_wpcf7_version\" value=\"5.5.3\" \/>\n<input type=\"hidden\" name=\"_wpcf7_locale\" value=\"it_IT\" \/>\n<input type=\"hidden\" name=\"_wpcf7_unit_tag\" value=\"wpcf7-f1811-o1\" \/>\n<input type=\"hidden\" name=\"_wpcf7_container_post\" value=\"0\" \/>\n<input type=\"hidden\" name=\"_wpcf7_posted_data_hash\" value=\"\" \/>\n<\/div>\n<p><label><br \/>\n    <span class=\"wpcf7-form-control-wrap your-firstname\"><input type=\"text\" name=\"your-firstname\" value=\"Nome*\" size=\"40\" class=\"wpcf7-form-control wpcf7-text wpcf7-validates-as-required\" aria-required=\"true\" aria-invalid=\"false\" \/><\/span> <\/label><br \/>\n<label><br \/>\n    <span class=\"wpcf7-form-control-wrap your-surname\"><input type=\"text\" name=\"your-surname\" value=\"Cognome*\" size=\"40\" class=\"wpcf7-form-control wpcf7-text wpcf7-validates-as-required\" aria-required=\"true\" aria-invalid=\"false\" \/><\/span> <\/label><br \/>\n<label><br \/>\n    <span class=\"wpcf7-form-control-wrap your-email\"><input type=\"email\" name=\"your-email\" value=\"Email*\" size=\"40\" class=\"wpcf7-form-control wpcf7-text wpcf7-email wpcf7-validates-as-required wpcf7-validates-as-email\" aria-required=\"true\" aria-invalid=\"false\" \/><\/span> <\/label><br \/>\n<label><br \/>\n    <span class=\"wpcf7-form-control-wrap your-phone\"><input type=\"tel\" name=\"your-phone\" value=\"Telefono*\" size=\"40\" class=\"wpcf7-form-control wpcf7-text wpcf7-tel wpcf7-validates-as-required wpcf7-validates-as-tel contactFormPSC\" id=\"phone\" aria-required=\"true\" aria-invalid=\"false\" \/><\/span> <\/label><br \/>\n<label><br \/>\n    <span class=\"wpcf7-form-control-wrap your-subject\"><input type=\"text\" name=\"your-subject\" value=\"Oggetto*\" size=\"40\" class=\"wpcf7-form-control wpcf7-text wpcf7-validates-as-required\" aria-required=\"true\" aria-invalid=\"false\" \/><\/span><\/label><br \/>\n<label><br \/>\n    <span class=\"wpcf7-form-control-wrap your-message\"><textarea name=\"your-message\" cols=\"40\" rows=\"10\" class=\"wpcf7-form-control wpcf7-textarea wpcf7-validates-as-required\" aria-required=\"true\" aria-invalid=\"false\">Messaggio*<\/textarea><\/span><\/label><br \/>\n<label><br \/>\n* Campo obbligatorio<br \/>\n<span class=\"wpcf7-form-control-wrap acceptance-887\"><span class=\"wpcf7-form-control wpcf7-acceptance\"><span class=\"wpcf7-list-item\"><label><input type=\"checkbox\" name=\"acceptance-887\" value=\"1\" aria-invalid=\"false\" checked=\"checked\" \/><span class=\"wpcf7-list-item-label\">Autorizzo il trattamento dei miei dati personali ai sensi del regolamento UE 2016\/679. Dichiaro inoltre di aver letto attentamente l&#8217;<a href=\"https:\/\/win.postasantacroce.it\/psc\/privacy-policy\/\" target=\"_blank\" rel=\"noopener\">informativa sulla privacy<\/a>.<\/span><\/label><\/span><\/span><\/span><\/label><\/p>\n<p><input type=\"submit\" value=\"Richiedi informazioni\" class=\"wpcf7-form-control has-spinner wpcf7-submit\" \/><\/p>\n<div class=\"wpcf7-response-output\" aria-hidden=\"true\"><\/div><\/form><\/div><\/p>\n\t\t\t\t\t\t<\/div>\n\t\t\t\t<\/div>\n\t\t\t\t\t<\/div>\n\t\t<\/div>\n\t\t\t\t\t\t\t<\/div>\n\t\t<\/section>\n\t\t\t\t\t\t<\/div>\n\t\t\t\t\t<\/div>\n\t\t","protected":false},"excerpt":{"rendered":"<p>POSTA SANTA CROCE &#8211; OSPITALITA&#8217; IN MASSERIA76011 BISCEGLIE PUGLIA ITALIAInfo &amp; r\u00e9servations +39 &hellip;<\/p>\n<p class=\"read-more\"> <a class=\"ast-button\" href=\"https:\/\/www.postasantacroce.it\/psc\/nous-sommes-ici\/?lang=fr\"> <span class=\"screen-reader-text\">Nous sommes ici<\/span> Leggi tutto \u00bb<\/a><\/p>\n","protected":false},"author":1,"featured_media":0,"parent":0,"menu_order":6,"comment_status":"closed","ping_status":"closed","template":"","meta":{"site-sidebar-layout":"no-sidebar","site-content-layout":"page-builder","ast-main-header-display":"","ast-hfb-above-header-display":"","ast-hfb-below-header-display":"","ast-hfb-mobile-header-display":"","site-post-title":"disabled","ast-breadcrumbs-content":"","ast-featured-img":"disabled","footer-sml-layout":"","theme-transparent-header-meta":"default","adv-header-id-meta":"","stick-header-meta":"","header-above-stick-meta":"","header-main-stick-meta":"","header-below-stick-meta":""},"_links":{"self":[{"href":"https:\/\/www.postasantacroce.it\/psc\/wp-json\/wp\/v2\/pages\/5268"}],"collection":[{"href":"https:\/\/www.postasantacroce.it\/psc\/wp-json\/wp\/v2\/pages"}],"about":[{"href":"https:\/\/www.postasantacroce.it\/psc\/wp-json\/wp\/v2\/types\/page"}],"author":[{"embeddable":true,"href":"https:\/\/www.postasantacroce.it\/psc\/wp-json\/wp\/v2\/users\/1"}],"replies":[{"embeddable":true,"href":"https:\/\/www.postasantacroce.it\/psc\/wp-json\/wp\/v2\/comments?post=5268"}],"version-history":[{"count":3,"href":"https:\/\/www.postasantacroce.it\/psc\/wp-json\/wp\/v2\/pages\/5268\/revisions"}],"predecessor-version":[{"id":5271,"href":"https:\/\/www.postasantacroce.it\/psc\/wp-json\/wp\/v2\/pages\/5268\/revisions\/5271"}],"wp:attachment":[{"href":"https:\/\/www.postasantacroce.it\/psc\/wp-json\/wp\/v2\/media?parent=5268"}],"curies":[{"name":"wp","href":"https:\/\/api.w.org\/{rel}","templated":true}]}}