{"id":5082,"date":"2021-10-23T15:19:35","date_gmt":"2021-10-23T15:19:35","guid":{"rendered":"https:\/\/win.postasantacroce.it\/psc\/home\/"},"modified":"2024-12-01T15:41:38","modified_gmt":"2024-12-01T15:41:38","slug":"home","status":"publish","type":"page","link":"https:\/\/www.postasantacroce.it\/psc\/home\/?lang=fr","title":{"rendered":"Home"},"content":{"rendered":"\t\t<div data-elementor-type=\"wp-page\" data-elementor-id=\"5082\" class=\"elementor elementor-5082 elementor-93\" data-elementor-settings=\"[]\">\n\t\t\t\t\t\t\t<div class=\"elementor-section-wrap\">\n\t\t\t\t\t\t\t<section class=\"elementor-section elementor-top-section elementor-element elementor-element-81f8bbf elementor-section-full_width elementor-section-height-min-height elementor-section-height-default elementor-section-items-middle\" data-id=\"81f8bbf\" data-element_type=\"section\" data-settings=\"{&quot;background_background&quot;:&quot;slideshow&quot;,&quot;background_slideshow_gallery&quot;:[{&quot;id&quot;:3808,&quot;url&quot;:&quot;https:\\\/\\\/www.postasantacroce.it\\\/psc\\\/wp-content\\\/uploads\\\/2021\\\/08\\\/posta-santa-croce-esterni-0018.jpg&quot;},{&quot;id&quot;:1353,&quot;url&quot;:&quot;https:\\\/\\\/www.postasantacroce.it\\\/psc\\\/wp-content\\\/uploads\\\/2021\\\/08\\\/posta-santa-croce-crepuscolo.jpg&quot;},{&quot;id&quot;:1351,&quot;url&quot;:&quot;https:\\\/\\\/www.postasantacroce.it\\\/psc\\\/wp-content\\\/uploads\\\/2021\\\/08\\\/posta-santa-croce-campanile.jpg&quot;},{&quot;id&quot;:3807,&quot;url&quot;:&quot;https:\\\/\\\/www.postasantacroce.it\\\/psc\\\/wp-content\\\/uploads\\\/2021\\\/08\\\/posta-santa-croce-esterni-0017.jpg&quot;},{&quot;id&quot;:3800,&quot;url&quot;:&quot;https:\\\/\\\/www.postasantacroce.it\\\/psc\\\/wp-content\\\/uploads\\\/2021\\\/08\\\/posta-santa-croce-esterni-0010.jpg&quot;},{&quot;id&quot;:3791,&quot;url&quot;:&quot;https:\\\/\\\/www.postasantacroce.it\\\/psc\\\/wp-content\\\/uploads\\\/2021\\\/08\\\/posta-santa-croce-esterni-0001.jpg&quot;}],&quot;background_slideshow_transition_duration&quot;:2500,&quot;background_slideshow_loop&quot;:&quot;yes&quot;,&quot;background_slideshow_slide_duration&quot;:5000,&quot;background_slideshow_slide_transition&quot;:&quot;fade&quot;}\">\n\t\t\t\t\t\t\t<div class=\"elementor-background-overlay\"><\/div>\n\t\t\t\t\t\t\t<div class=\"elementor-container elementor-column-gap-no\">\n\t\t\t\t\t<div class=\"elementor-column elementor-col-100 elementor-top-column elementor-element elementor-element-4f6bc8f\" data-id=\"4f6bc8f\" data-element_type=\"column\">\n\t\t\t<div class=\"elementor-widget-wrap elementor-element-populated\">\n\t\t\t\t\t\t\t\t<div class=\"elementor-element elementor-element-8c3b221 elementor-widget elementor-widget-image\" data-id=\"8c3b221\" data-element_type=\"widget\" data-widget_type=\"image.default\">\n\t\t\t\t<div class=\"elementor-widget-container\">\n\t\t\t\t\t\t\t\t\t\t\t\t\t\t\t<img decoding=\"async\" width=\"300\" height=\"132\" src=\"https:\/\/www.postasantacroce.it\/psc\/wp-content\/uploads\/2021\/06\/posta-santa-croce-logo-bianco-300x132.png\" class=\"attachment-medium size-medium\" alt=\"\" loading=\"lazy\" srcset=\"https:\/\/www.postasantacroce.it\/psc\/wp-content\/uploads\/2021\/06\/posta-santa-croce-logo-bianco-300x132.png 300w, https:\/\/www.postasantacroce.it\/psc\/wp-content\/uploads\/2021\/06\/posta-santa-croce-logo-bianco-1024x452.png 1024w, https:\/\/www.postasantacroce.it\/psc\/wp-content\/uploads\/2021\/06\/posta-santa-croce-logo-bianco-768x339.png 768w, https:\/\/www.postasantacroce.it\/psc\/wp-content\/uploads\/2021\/06\/posta-santa-croce-logo-bianco-120x53.png 120w, https:\/\/www.postasantacroce.it\/psc\/wp-content\/uploads\/2021\/06\/posta-santa-croce-logo-bianco.png 1276w\" sizes=\"(max-width: 300px) 100vw, 300px\" \/>\t\t\t\t\t\t\t\t\t\t\t\t\t\t\t<\/div>\n\t\t\t\t<\/div>\n\t\t\t\t<div class=\"elementor-element elementor-element-8691ab3 elementor-widget elementor-widget-text-editor\" data-id=\"8691ab3\" data-element_type=\"widget\" data-widget_type=\"text-editor.default\">\n\t\t\t\t<div class=\"elementor-widget-container\">\n\t\t\t\t\t\t\t<p><span style=\"color: #f0f0f0;\"><em>\u00ab Emm\u00e8ne-moi loin de la clameur du monde dans une vall\u00e9e tranquille et paisible. Donne-moi une petite cabane o\u00f9 plus rien ne pourra me rendre triste, o\u00f9 un petit jardin, calme et rustique, sourira \u00e0 mon regard. O\u00f9, en toute tranquillit\u00e9, avec ma bien-aim\u00e9e, l&#8217;illusion de la vie s&#8217;\u00e9loignera de moi, o\u00f9 une petite fille et un petit gar\u00e7on fleuriront, pleins de promesses, devant leur p\u00e8re. Oh, fatigu\u00e9 de la clameur du monde, j&#8217;ai cherch\u00e9 la paix pendant tant de temps; Destin\u00e9e, plein de gentillesse, m\u00e8ne-moi bient\u00f4t \u00e0 cet endroit de paix \u00bb (musique par Mauro Giuliani &#8211; texte de Christian Ludwig R\u00e9ussi).<\/em><\/span><br \/>\n<!--[if lt IE 9]><script>document.createElement('audio');<\/script><![endif]-->\n<audio class=\"wp-audio-shortcode\" id=\"audio-5082-1\" loop=\"1\" autoplay=\"1\" preload=\"auto\" style=\"width: 100%;\" controls=\"controls\"><source type=\"audio\/mpeg\" src=\"https:\/\/www.postasantacroce.it\/psc\/wp-content\/uploads\/2024\/11\/posta-santa-croce-giuliani.mp3?_=1\" \/><a href=\"https:\/\/www.postasantacroce.it\/psc\/wp-content\/uploads\/2024\/11\/posta-santa-croce-giuliani.mp3\">https:\/\/www.postasantacroce.it\/psc\/wp-content\/uploads\/2024\/11\/posta-santa-croce-giuliani.mp3<\/a><\/audio><\/p>\n\t\t\t\t\t\t<\/div>\n\t\t\t\t<\/div>\n\t\t\t\t\t<\/div>\n\t\t<\/div>\n\t\t\t\t\t\t\t<\/div>\n\t\t<\/section>\n\t\t\t\t\t\t<\/div>\n\t\t\t\t\t<\/div>\n\t\t","protected":false},"excerpt":{"rendered":"<p>\u00ab Emm\u00e8ne-moi loin de la clameur du monde dans une vall\u00e9e tranquille et &hellip;<\/p>\n<p class=\"read-more\"> <a class=\"ast-button\" href=\"https:\/\/www.postasantacroce.it\/psc\/home\/?lang=fr\"> <span class=\"screen-reader-text\">Home<\/span> Leggi tutto \u00bb<\/a><\/p>\n","protected":false},"author":1,"featured_media":0,"parent":0,"menu_order":1,"comment_status":"closed","ping_status":"closed","template":"","meta":{"site-sidebar-layout":"no-sidebar","site-content-layout":"page-builder","ast-main-header-display":"","ast-hfb-above-header-display":"","ast-hfb-below-header-display":"","ast-hfb-mobile-header-display":"","site-post-title":"disabled","ast-breadcrumbs-content":"","ast-featured-img":"disabled","footer-sml-layout":"","theme-transparent-header-meta":"default","adv-header-id-meta":"","stick-header-meta":"","header-above-stick-meta":"","header-main-stick-meta":"","header-below-stick-meta":""},"_links":{"self":[{"href":"https:\/\/www.postasantacroce.it\/psc\/wp-json\/wp\/v2\/pages\/5082"}],"collection":[{"href":"https:\/\/www.postasantacroce.it\/psc\/wp-json\/wp\/v2\/pages"}],"about":[{"href":"https:\/\/www.postasantacroce.it\/psc\/wp-json\/wp\/v2\/types\/page"}],"author":[{"embeddable":true,"href":"https:\/\/www.postasantacroce.it\/psc\/wp-json\/wp\/v2\/users\/1"}],"replies":[{"embeddable":true,"href":"https:\/\/www.postasantacroce.it\/psc\/wp-json\/wp\/v2\/comments?post=5082"}],"version-history":[{"count":6,"href":"https:\/\/www.postasantacroce.it\/psc\/wp-json\/wp\/v2\/pages\/5082\/revisions"}],"predecessor-version":[{"id":7257,"href":"https:\/\/www.postasantacroce.it\/psc\/wp-json\/wp\/v2\/pages\/5082\/revisions\/7257"}],"wp:attachment":[{"href":"https:\/\/www.postasantacroce.it\/psc\/wp-json\/wp\/v2\/media?parent=5082"}],"curies":[{"name":"wp","href":"https:\/\/api.w.org\/{rel}","templated":true}]}}